{"id":22,"date":"2020-03-04T21:12:14","date_gmt":"2020-03-04T21:12:14","guid":{"rendered":"http:\/\/sofa-rostock.de\/?page_id=22"},"modified":"2021-03-29T18:55:11","modified_gmt":"2021-03-29T18:55:11","slug":"unterstuetzen-helfen","status":"publish","type":"page","link":"https:\/\/sofa-rostock.de\/?page_id=22","title":{"rendered":"Spenden &#038; Sponsoren"},"content":{"rendered":"\n<p style=\"font-size:20px\">Du m\u00f6chtest uns finanziell unterst\u00fctzen? Du oder dein Unternehmen m\u00f6chten als unser Sponsor auftreten? Daf\u00fcr m\u00f6chten wir dir schon mal danken! Bitte nehme doch Kontakt auf \u00fcber <a href=\"mailto:finanzen@sofa-rostock.de\">finanzen@sofa-rostock.de<\/a><br><br>Unser Vereinskonto: <br>Rostocker Volks- und Raiffeisenbank eG<br>IBAN: DE83 1309 0000 0001 2256 00<\/p>\n\n\n\n<div class=\"wp-block-group\"><div class=\"wp-block-group__inner-container is-layout-flow wp-block-group-is-layout-flow\">\n<table><tr><td width=\"40%\"><img decoding=\"async\" src=\"https:\/\/sofa-rostock.de\/wp-content\/uploads\/2020\/12\/Spendenurkunde-Weihnachten.png\"><\/td><td width=\"40%\"><img decoding=\"async\" src=\"https:\/\/sofa-rostock.de\/wp-content\/uploads\/2021\/03\/Spendenurkunde-neutral2.png\"><\/td><\/tr><\/table>\n<\/div><\/div>\n\n\n\n<hr class=\"wp-block-separator\"\/>\n\n\n\n<br><br>\n\n\n\n<h1 class=\"wp-block-heading\"><strong>Unterst\u00fctzen &amp; Helfen<\/strong><\/h1>\n\n\n\n<p style=\"font-size:20px\">Wir freuen uns \u00fcber jede Unterst\u00fctzung \u2013 egal ob im geistigen oder finanziellen Sinne! Alle, die uns den R\u00fccken st\u00e4rken wollen und sich mit unserer Pr\u00e4ambel identifizieren k\u00f6nnen sind willkommen: Privatpersonen, Vereine,&nbsp; Firmen, etc.<\/p>\n\n\n\n<p style=\"font-size:20px\">M\u00f6chtest du uns allgemein oder bei einem bestimmten Projekt unterst\u00fctzen? Dann melde dich bitte bei <a href=\"mailto:kummerkissen@sofa-rostock.de\">kummerkissen@sofa-rostock.de<\/a><\/p>\n\n\n\n<hr class=\"wp-block-separator\"\/>\n\n\n\n<p style=\"font-size:20px\">Unsere Unterst\u00fctzer:<\/p>\n\n\n\n<img loading=\"lazy\" decoding=\"async\" src=\"https:\/\/sofa-rostock.de\/wp-content\/uploads\/2020\/03\/HaltepunkteE-300x292.png\" alt=\"\" class=\"wp-image-127\" width=\"225\" height=\"219\" srcset=\"https:\/\/sofa-rostock.de\/wp-content\/uploads\/2020\/03\/HaltepunkteE-300x292.png 300w, https:\/\/sofa-rostock.de\/wp-content\/uploads\/2020\/03\/HaltepunkteE.png 499w\" sizes=\"auto, (max-width: 225px) 100vw, 225px\" \/><img loading=\"lazy\" decoding=\"async\" src=\"https:\/\/sofa-rostock.de\/wp-content\/uploads\/2020\/12\/logo-intersport.png\" alt=\"\" class=\"wp-image-261\" style=\"margin-bottom:64px\" width=\"244\" height=\"91\" srcset=\"https:\/\/sofa-rostock.de\/wp-content\/uploads\/2020\/12\/logo-intersport.png 487w, https:\/\/sofa-rostock.de\/wp-content\/uploads\/2020\/12\/logo-intersport-300x111.png 300w\" sizes=\"auto, (max-width: 244px) 100vw, 244px\" \/>\n","protected":false},"excerpt":{"rendered":"<p>Du m\u00f6chtest uns finanziell unterst\u00fctzen? Du oder dein Unternehmen m\u00f6chten als unser Sponsor auftreten? Daf\u00fcr m\u00f6chten wir dir schon mal danken! Bitte nehme doch Kontakt auf \u00fcber finanzen@sofa-rostock.de Unser Vereinskonto:&#8230;<\/p>\n<div class=\"more-link-wrapper\"><a class=\"more-link\" href=\"https:\/\/sofa-rostock.de\/?page_id=22\">Weiterlesen<span class=\"screen-reader-text\">Spenden &#038; Sponsoren<\/span><\/a><\/div>\n","protected":false},"author":1,"featured_media":0,"parent":0,"menu_order":5,"comment_status":"closed","ping_status":"closed","template":"","meta":{"footnotes":""},"class_list":["post-22","page","type-page","status-publish","hentry","excerpt"],"_links":{"self":[{"href":"https:\/\/sofa-rostock.de\/index.php?rest_route=\/wp\/v2\/pages\/22","targetHints":{"allow":["GET"]}}],"collection":[{"href":"https:\/\/sofa-rostock.de\/index.php?rest_route=\/wp\/v2\/pages"}],"about":[{"href":"https:\/\/sofa-rostock.de\/index.php?rest_route=\/wp\/v2\/types\/page"}],"author":[{"embeddable":true,"href":"https:\/\/sofa-rostock.de\/index.php?rest_route=\/wp\/v2\/users\/1"}],"replies":[{"embeddable":true,"href":"https:\/\/sofa-rostock.de\/index.php?rest_route=%2Fwp%2Fv2%2Fcomments&post=22"}],"version-history":[{"count":22,"href":"https:\/\/sofa-rostock.de\/index.php?rest_route=\/wp\/v2\/pages\/22\/revisions"}],"predecessor-version":[{"id":318,"href":"https:\/\/sofa-rostock.de\/index.php?rest_route=\/wp\/v2\/pages\/22\/revisions\/318"}],"wp:attachment":[{"href":"https:\/\/sofa-rostock.de\/index.php?rest_route=%2Fwp%2Fv2%2Fmedia&parent=22"}],"curies":[{"name":"wp","href":"https:\/\/api.w.org\/{rel}","templated":true}]}}