{"id":225,"date":"2020-11-05T19:42:52","date_gmt":"2020-11-05T19:42:52","guid":{"rendered":"http:\/\/sofa-rostock.de\/?page_id=225"},"modified":"2020-11-05T19:44:02","modified_gmt":"2020-11-05T19:44:02","slug":"gaestebuch","status":"publish","type":"page","link":"https:\/\/sofa-rostock.de\/?page_id=225","title":{"rendered":"G\u00e4stebuch"},"content":{"rendered":"<div class=\"gwolle-gb\"><div class=\"gwolle-gb-messages-top-container\"><\/div>\n\t\t\t<div class=\"gwolle-gb-write-button\">\n\t\t\t\t<input type=\"button\" name=\"gwolle-gb-write-button\" class=\"button btn btn-default \" value=\"Neuen Eintrag schreiben\" aria-expanded=\"false\" \/>\n\t\t\t<\/div>\n\t\t\t<form action=\"#\" method=\"POST\" class=\"gwolle-gb-write gwolle-gb-hide gwolle-gb-float gwolle-gb-form-ajax gwolle-gb-ajax gwolle-gb-not-logged-in\">\n\t\t\t\t<h3>Einen neuen Eintrag f\u00fcr das G\u00e4stebuch schreiben<\/h3>\n\t\t\t\t<button type=\"button\" class=\"gb-notice-dismiss\">x<span class=\"screen-reader-text\">Dieses Formular ausblenden<\/span><\/button>\n\t\t\t\n\t\t\t\t<input type=\"hidden\" name=\"gwolle_gb_function\" class=\"gwolle_gb_function\" value=\"add_entry\" \/><input type=\"hidden\" name=\"gwolle_gb_book_id\" class=\"gwolle_gb_book_id\" value=\"1\" \/><div class=\"gwolle_gb_fd8a737d7c9e3a1c3076e6aed64bf174\">\n\t\t\t\t<div class=\"label\"><label for=\"gwolle_gb_fd8a737d7c9e3a1c3076e6aed64bf174-1\" class=\"text-info\">Name <span class=\"required\">*<\/span><\/label><\/div>\n\t\t\t\t<div class=\"input\"><input class=\"wp-exclude-emoji gwolle_gb_fd8a737d7c9e3a1c3076e6aed64bf174\" value=\"\" type=\"text\" id=\"gwolle_gb_fd8a737d7c9e3a1c3076e6aed64bf174-1\" name=\"gwolle_gb_fd8a737d7c9e3a1c3076e6aed64bf174\" required \/><\/div>\n\t\t\t\t<div class=\"clearBoth\">&nbsp;<\/div>\n\t\t\t<\/div><div class=\"gwolle_gb_112a4131f118f9d5bc80ff9eefebed42\">\n\t\t\t\t\t<div class=\"label\"><label for=\"gwolle_gb_112a4131f118f9d5bc80ff9eefebed42-1\" class=\"text-info\">Stadt<\/label><\/div>\n\t\t\t\t\t<div class=\"input\"><input class=\"wp-exclude-emoji gwolle_gb_112a4131f118f9d5bc80ff9eefebed42\" value=\"\" type=\"text\" id=\"gwolle_gb_112a4131f118f9d5bc80ff9eefebed42-1\" name=\"gwolle_gb_112a4131f118f9d5bc80ff9eefebed42\" \/><\/div>\n\t\t\t\t\t<div class=\"clearBoth\">&nbsp;<\/div>\n\t\t\t\t<\/div><div class=\"gwolle_gb_4673752a67acebc3d12191bf4e0ccc17\">\n\t\t\t\t<div class=\"label\"><label for=\"gwolle_gb_4673752a67acebc3d12191bf4e0ccc17-1\" class=\"text-info\">E-Mail <span class=\"required\">*<\/span><\/label><\/div>\n\t\t\t\t<div class=\"input\"><input class=\"gwolle_gb_4673752a67acebc3d12191bf4e0ccc17\" value=\"\" type=\"email\" id=\"gwolle_gb_4673752a67acebc3d12191bf4e0ccc17-1\" name=\"gwolle_gb_4673752a67acebc3d12191bf4e0ccc17\" required \/><\/div>\n\t\t\t\t<div class=\"clearBoth\">&nbsp;<\/div>\n\t\t\t<\/div>\n\t\t\t<div class=\"gwolle_gb_7b79608258eb0c5efca6bbd61e4756a8\" style=\"display:none;overflow:hidden;\" hidden=\"true\" aria-hidden=\"true\">\n\t\t\t\t<div class=\"label\">\n\t\t\t\t\t<label for=\"gwolle_gb_7b79608258eb0c5efca6bbd61e4756a8-1\" class=\"text-primary\">Hier nichts eingeben<\/label>\n\t\t\t\t\t<label for=\"gwolle_gb_8639384c390ed052ef76da69041e6936-1\" class=\"text-primary\">Hier nichts eingeben<\/label>\n\t\t\t\t<\/div>\n\t\t\t\t<div class=\"input\">\n\t\t\t\t\t<input value=\"33\" type=\"text\" id=\"gwolle_gb_7b79608258eb0c5efca6bbd61e4756a8-1\" name=\"gwolle_gb_7b79608258eb0c5efca6bbd61e4756a8\" class=\"gwolle_gb_7b79608258eb0c5efca6bbd61e4756a8\" style=\"transform: translateY(10000px);\" \/>\n\t\t\t\t\t<input value=\"\" type=\"text\" name=\"gwolle_gb_8639384c390ed052ef76da69041e6936\" id=\"gwolle_gb_8639384c390ed052ef76da69041e6936-1\" class=\"gwolle_gb_8639384c390ed052ef76da69041e6936\" style=\"transform: translateY(10000px);\" \/>\n\t\t\t\t<\/div>\n\t\t\t\t<div class=\"clearBoth\"><\/div>\n\t\t\t<\/div>\n\t\t\t<div class=\"gwolle_gb_739af9bbd1cb4ecbbcc6a43af4b732ff\" style=\"display:none;overflow:hidden;\" hidden=\"true\" aria-hidden=\"true\">\n\t\t\t\t<div class=\"label\">\n\t\t\t\t\t<label for=\"gwolle_gb_739af9bbd1cb4ecbbcc6a43af4b732ff-1\" class=\"text-primary\">Hier nichts eingeben<\/label>\n\t\t\t\t\t<label for=\"gwolle_gb_fecd4d93c280cd3329ae5948bf76686d-1\" class=\"text-primary\">Hier nichts eingeben<\/label>\n\t\t\t\t<\/div>\n\t\t\t\t<div class=\"input\">\n\t\t\t\t\t<input value=\"44697\" type=\"text\" id=\"gwolle_gb_739af9bbd1cb4ecbbcc6a43af4b732ff-1\" name=\"gwolle_gb_739af9bbd1cb4ecbbcc6a43af4b732ff\" class=\"gwolle_gb_739af9bbd1cb4ecbbcc6a43af4b732ff\" style=\"transform: translateY(10000px);\" \/>\n\t\t\t\t\t<input value=\"44697\" type=\"text\"id=\"gwolle_gb_fecd4d93c280cd3329ae5948bf76686d-1\" name=\"gwolle_gb_fecd4d93c280cd3329ae5948bf76686d\" class=\"gwolle_gb_fecd4d93c280cd3329ae5948bf76686d\" style=\"transform: translateY(10000px);\" \/>\n\t\t\t\t<\/div>\n\t\t\t\t<div class=\"clearBoth\"><\/div>\n\t\t\t<\/div><div class=\"gwolle_gb_content\">\n\t\t\t\t<div class=\"label\"><label for=\"gwolle_gb_content-1\" class=\"text-info\">G\u00e4stebucheintrag <span class=\"required\">*<\/span><\/label><\/div>\n\t\t\t\t<div class=\"input\"><textarea id=\"gwolle_gb_content-1\" name=\"gwolle_gb_content\" class=\"gwolle_gb_content wp-exclude-emoji\" required ><\/textarea><\/div>\n\t\t\t\t\t<div class=\"clearBoth\">&nbsp;<\/div>\n\t\t\t\t<\/div><input type=\"hidden\" class=\"gwolle_gb_aab2484eefc121bab4d0530988e679ce\" id=\"gwolle_gb_aab2484eefc121bab4d0530988e679ce-1\" name=\"gwolle_gb_aab2484eefc121bab4d0530988e679ce\" value=\"c5bba0acf0\" \/>\n\t\t\t<div class=\"gwolle-gb-messages-bottom-container\"><\/div>\n\n\t\t\t<noscript><div class=\"no-js\">Warnung: Dieses Formular kann nur verwendet werden, wenn in deinem Browser JavaScript aktiviert ist.<\/div><\/noscript>\n\n\t\t\t<div class=\"gwolle_gb_submit gwolle-gb-submit\">\n\t\t\t\t<div class=\"label gwolle-gb-invisible text-muted\">&nbsp;<\/div>\n\t\t\t\t<div class=\"input\">\n\t\t\t\t\t<input type=\"submit\" name=\"gwolle_gb_submit\" class=\"gwolle_gb_submit button btn btn-primary \" value=\"Absenden\" \/>\n\t\t\t\t\t<span class=\"gwolle_gb_submit_ajax_icon gwolle-gb-submit-ajax-icon\"><\/span>\n\t\t\t\n\t\t\t\t<\/div>\n\t\t\t\t<div class=\"clearBoth\">&nbsp;<\/div>\n\t\t\t<\/div>\n\n\t\t\t<div class=\"gwolle_gb_notice gwolle-gb-notice\">\n\t\t\t\tMit * gekennzeichnete Felder sind erforderlich.<br \/>\r\nDeine E-Mail-Adresse wird nicht ver\u00f6ffentlicht.<br \/>\r\nEs ist m\u00f6glich, dass dein Eintrag im G\u00e4stebuch erst sichtbar ist, nachdem wir ihn \u00fcberpr\u00fcft haben.<br \/>\r\nWir behalten uns vor, Beitr\u00e4ge die Beleidigungen, Obsz\u00f6nit\u00e4ten, pers\u00f6nliche Angriffe, gewaltverherrlichende und diskriminierende \u00c4u\u00dferungen enthalten, zu l\u00f6schen.\n\t\t\t<\/div><\/form><div class=\"gwolle-gb-read gwolle-gb-ajax gwolle-gb-entries-list\" data-book_id=\"1\">(Noch keine Eintr\u00e4ge)<\/div><\/div>\n\n\n\n<p><\/p>\n","protected":false},"excerpt":{"rendered":"","protected":false},"author":1,"featured_media":0,"parent":0,"menu_order":8,"comment_status":"closed","ping_status":"closed","template":"","meta":{"footnotes":""},"class_list":["post-225","page","type-page","status-publish","hentry","excerpt"],"_links":{"self":[{"href":"https:\/\/sofa-rostock.de\/index.php?rest_route=\/wp\/v2\/pages\/225","targetHints":{"allow":["GET"]}}],"collection":[{"href":"https:\/\/sofa-rostock.de\/index.php?rest_route=\/wp\/v2\/pages"}],"about":[{"href":"https:\/\/sofa-rostock.de\/index.php?rest_route=\/wp\/v2\/types\/page"}],"author":[{"embeddable":true,"href":"https:\/\/sofa-rostock.de\/index.php?rest_route=\/wp\/v2\/users\/1"}],"replies":[{"embeddable":true,"href":"https:\/\/sofa-rostock.de\/index.php?rest_route=%2Fwp%2Fv2%2Fcomments&post=225"}],"version-history":[{"count":3,"href":"https:\/\/sofa-rostock.de\/index.php?rest_route=\/wp\/v2\/pages\/225\/revisions"}],"predecessor-version":[{"id":228,"href":"https:\/\/sofa-rostock.de\/index.php?rest_route=\/wp\/v2\/pages\/225\/revisions\/228"}],"wp:attachment":[{"href":"https:\/\/sofa-rostock.de\/index.php?rest_route=%2Fwp%2Fv2%2Fmedia&parent=225"}],"curies":[{"name":"wp","href":"https:\/\/api.w.org\/{rel}","templated":true}]}}