{"id":26,"date":"2020-03-04T21:17:12","date_gmt":"2020-03-04T21:17:12","guid":{"rendered":"http:\/\/sofa-rostock.de\/?page_id=26"},"modified":"2021-05-27T06:40:09","modified_gmt":"2021-05-27T06:40:09","slug":"kummerkissen","status":"publish","type":"page","link":"https:\/\/sofa-rostock.de\/?page_id=26","title":{"rendered":"Kummerkissen"},"content":{"rendered":"\n<p style=\"font-size:20px\">Du m\u00f6chtest uns Feedback geben oder Kritik \u00fcben? Du m\u00f6chtest, dass wir dir helfen? Dann dr\u00fcck das Kummerkissen!<\/p>\n<table><tbody><tr><td style=\"width:50%\"><a href=\"mailto:kummerkissen@sofa-rostock.de\"><img decoding=\"async\" style=\"display:block; margin:auto; width:465px;\" src=\"https:\/\/sofa-rostock.de\/wp-content\/uploads\/2020\/11\/kummerkissen.png\"><\/a><\/td>\n<td>\n<i>Liegt dir etwas auf dem Herzen?<br>\nHast du Kummer, Sorgen, Schmerzen?<br>\nWarst du auf dem letzten Feste<br>\ngerne einer unserer G\u00e4ste?<br>\nOder hat dich was gest\u00f6rt?<br>\nGing etwas verlor&#8217;n, das dir geh\u00f6rt?<br><br>\nDann lass es mich ganz einfach wissen!<br>\nIch bin f\u00fcr dich da &#8211;<br>\nDein Ku(e)mmerkissen.\n<\/i>\n<\/td>\n<\/tr>\n<\/tbody><\/table>\n","protected":false},"excerpt":{"rendered":"<p>Du m\u00f6chtest uns Feedback geben oder Kritik \u00fcben? Du m\u00f6chtest, dass wir dir helfen? Dann dr\u00fcck das Kummerkissen! Liegt dir etwas auf dem Herzen? Hast du Kummer, Sorgen, Schmerzen? Warst&#8230;<\/p>\n<div class=\"more-link-wrapper\"><a class=\"more-link\" href=\"https:\/\/sofa-rostock.de\/?page_id=26\">Weiterlesen<span class=\"screen-reader-text\">Kummerkissen<\/span><\/a><\/div>\n","protected":false},"author":1,"featured_media":0,"parent":0,"menu_order":7,"comment_status":"closed","ping_status":"closed","template":"","meta":{"footnotes":""},"class_list":["post-26","page","type-page","status-publish","hentry","excerpt"],"_links":{"self":[{"href":"https:\/\/sofa-rostock.de\/index.php?rest_route=\/wp\/v2\/pages\/26","targetHints":{"allow":["GET"]}}],"collection":[{"href":"https:\/\/sofa-rostock.de\/index.php?rest_route=\/wp\/v2\/pages"}],"about":[{"href":"https:\/\/sofa-rostock.de\/index.php?rest_route=\/wp\/v2\/types\/page"}],"author":[{"embeddable":true,"href":"https:\/\/sofa-rostock.de\/index.php?rest_route=\/wp\/v2\/users\/1"}],"replies":[{"embeddable":true,"href":"https:\/\/sofa-rostock.de\/index.php?rest_route=%2Fwp%2Fv2%2Fcomments&post=26"}],"version-history":[{"count":18,"href":"https:\/\/sofa-rostock.de\/index.php?rest_route=\/wp\/v2\/pages\/26\/revisions"}],"predecessor-version":[{"id":327,"href":"https:\/\/sofa-rostock.de\/index.php?rest_route=\/wp\/v2\/pages\/26\/revisions\/327"}],"wp:attachment":[{"href":"https:\/\/sofa-rostock.de\/index.php?rest_route=%2Fwp%2Fv2%2Fmedia&parent=26"}],"curies":[{"name":"wp","href":"https:\/\/api.w.org\/{rel}","templated":true}]}}