{"id":6,"date":"2020-03-04T20:55:53","date_gmt":"2020-03-04T20:55:53","guid":{"rendered":"http:\/\/sofa-rostock.de\/?page_id=6"},"modified":"2020-11-17T19:57:42","modified_gmt":"2020-11-17T19:57:42","slug":"wer-wir-sind","status":"publish","type":"page","link":"https:\/\/sofa-rostock.de\/?page_id=6","title":{"rendered":"Wer wir sind"},"content":{"rendered":"\n<p style=\"font-size:20px\">Wir sind ein Verein, deren Mitglieder sich ehrenamtlich um die soziale Integration in und um die Hanse- und Universit\u00e4tsstadt Rostock k\u00fcmmern m\u00f6chten. Bei uns ist jeder willkommen, der sich gem\u00e4\u00df unserer Pr\u00e4ambel engagieren m\u00f6chte. Jeder Mensch hat mindestens eine St\u00e4rke, die er mit einbringen kann und die er vielleicht noch nicht kennt. Es muss nicht immer ein (Sozial-)P\u00e4dagoge sein. Und jeder kennt jemanden, der jemanden kennt und der hat wiederum \u2026<\/p>\n\n\n\n<hr class=\"wp-block-separator\"\/>\n\n\n\n<h3 class=\"wp-block-heading\">Vereinspr\u00e4ambel<\/h3>\n\n\n\n<p style=\"font-size:20px\">Der Sofa Rostock e.V. hat sich eine Pr\u00e4ambel gegeben, nach der sich die gesamte Vereinsarbeit richtet. <\/p>\n\n\n\n<p style=\"font-size:20px\">Nachzulesen <a href=\"https:\/\/sofa-rostock.de\/wp-content\/uploads\/2020\/03\/Pr\u00e4ambel.pdf\" target=\"_blank\" rel=\"noreferrer noopener\" aria-label=\" (\u00f6ffnet in neuem Tab)\">hier<\/a>.<\/p>\n\n\n\n<h1 class=\"wp-block-heading\"><strong>Was wir machen<\/strong><\/h1>\n\n\n\n<p style=\"font-size:20px\">Wir m\u00f6chten Menschen aller sozialen Schichten und ethnischen Gruppen vom Rand der Gesellschaft wieder in die Mitte zur\u00fcckholen, z.B. Obdachlose, Langzeitarbeitslose, in Armut lebende Kinder &amp; Jugendliche und Senioren. Wir k\u00f6nnen durch unsere geringen Verwaltungsstrukturen &#8211; egal ob unter der Woche oder am Wochenende &#8211; eigene Angebote, Veranstaltungen und Projekte realisieren und mithilfe von Unterst\u00fctzern durchf\u00fchren. Dabei stehen wir im st\u00e4ndigen Austausch bzw. in Kooperation mit weiteren Vereinen und Verb\u00e4nden, die in der Hanse- und Universit\u00e4tsstadt Rostock t\u00e4tig sind.<\/p>\n","protected":false},"excerpt":{"rendered":"<p>Wir sind ein Verein, deren Mitglieder sich ehrenamtlich um die soziale Integration in und um die Hanse- und Universit\u00e4tsstadt Rostock k\u00fcmmern m\u00f6chten. Bei uns ist jeder willkommen, der sich gem\u00e4\u00df&#8230;<\/p>\n<div class=\"more-link-wrapper\"><a class=\"more-link\" href=\"https:\/\/sofa-rostock.de\/?page_id=6\">Weiterlesen<span class=\"screen-reader-text\">Wer wir sind<\/span><\/a><\/div>\n","protected":false},"author":1,"featured_media":0,"parent":0,"menu_order":1,"comment_status":"closed","ping_status":"closed","template":"","meta":{"footnotes":""},"class_list":["post-6","page","type-page","status-publish","hentry","excerpt"],"_links":{"self":[{"href":"https:\/\/sofa-rostock.de\/index.php?rest_route=\/wp\/v2\/pages\/6","targetHints":{"allow":["GET"]}}],"collection":[{"href":"https:\/\/sofa-rostock.de\/index.php?rest_route=\/wp\/v2\/pages"}],"about":[{"href":"https:\/\/sofa-rostock.de\/index.php?rest_route=\/wp\/v2\/types\/page"}],"author":[{"embeddable":true,"href":"https:\/\/sofa-rostock.de\/index.php?rest_route=\/wp\/v2\/users\/1"}],"replies":[{"embeddable":true,"href":"https:\/\/sofa-rostock.de\/index.php?rest_route=%2Fwp%2Fv2%2Fcomments&post=6"}],"version-history":[{"count":10,"href":"https:\/\/sofa-rostock.de\/index.php?rest_route=\/wp\/v2\/pages\/6\/revisions"}],"predecessor-version":[{"id":246,"href":"https:\/\/sofa-rostock.de\/index.php?rest_route=\/wp\/v2\/pages\/6\/revisions\/246"}],"wp:attachment":[{"href":"https:\/\/sofa-rostock.de\/index.php?rest_route=%2Fwp%2Fv2%2Fmedia&parent=6"}],"curies":[{"name":"wp","href":"https:\/\/api.w.org\/{rel}","templated":true}]}}