{"id":9,"date":"2020-03-04T20:56:38","date_gmt":"2020-03-04T20:56:38","guid":{"rendered":"http:\/\/sofa-rostock.de\/?page_id=9"},"modified":"2023-07-03T18:44:51","modified_gmt":"2023-07-03T18:44:51","slug":"startseite","status":"publish","type":"page","link":"https:\/\/sofa-rostock.de\/","title":{"rendered":"Startseite"},"content":{"rendered":"\n<p>15.07.2023 und 19.08.2023 <\/p>\n\n\n\n<h3 class=\"wp-block-heading\">Kinderdisco<\/h3>\n\n\n\n<figure class=\"wp-block-image size-large\"><img loading=\"lazy\" decoding=\"async\" width=\"724\" height=\"1024\" src=\"https:\/\/sofa-rostock.de\/wp-content\/uploads\/2023\/07\/Plakat-Kinderdisco-23-724x1024.png\" alt=\"\" class=\"wp-image-383\" srcset=\"https:\/\/sofa-rostock.de\/wp-content\/uploads\/2023\/07\/Plakat-Kinderdisco-23-724x1024.png 724w, https:\/\/sofa-rostock.de\/wp-content\/uploads\/2023\/07\/Plakat-Kinderdisco-23-212x300.png 212w, https:\/\/sofa-rostock.de\/wp-content\/uploads\/2023\/07\/Plakat-Kinderdisco-23-768x1086.png 768w, https:\/\/sofa-rostock.de\/wp-content\/uploads\/2023\/07\/Plakat-Kinderdisco-23-1087x1536.png 1087w, https:\/\/sofa-rostock.de\/wp-content\/uploads\/2023\/07\/Plakat-Kinderdisco-23.png 1100w\" sizes=\"auto, (max-width: 724px) 100vw, 724px\" \/><\/figure>\n\n\n\n<p class=\"has-regular-font-size\"><a href=\"https:\/\/sofa-rostock.de\/wp-content\/uploads\/2023\/07\/Muttizettel23.pdf\" data-type=\"URL\" data-id=\"https:\/\/sofa-rostock.de\/wp-content\/uploads\/2023\/07\/Muttizettel23.pdf\" target=\"_blank\" rel=\"noreferrer noopener\">Hier<\/a> geht&#8217;s zum Muttizettel.<\/p>\n\n\n\n<hr class=\"wp-block-separator has-alpha-channel-opacity\"\/>\n\n\n\n<h3 class=\"wp-block-heading\" id=\"mitglieder-gesucht\">Mitglieder gesucht<\/h3>\n\n\n\n<p class=\"has-regular-font-size\">Du willst dich sozial, ehrenamtlich und gemeinn\u00fctzig f\u00fcr und in Rostock engagieren?<br>Dann bist du bei uns genau richtig!<br>Melde dich einfach \u00fcber das Kontaktformular oder \u00fcber info@sofa-rostock.de<br>Wir freuen uns auf deine Nachricht!<\/p>\n\n\n\n<p><\/p>\n","protected":false},"excerpt":{"rendered":"<p>15.07.2023 und 19.08.2023 Kinderdisco Hier geht&#8217;s zum Muttizettel. Mitglieder gesucht Du willst dich sozial, ehrenamtlich und gemeinn\u00fctzig f\u00fcr und in Rostock engagieren?Dann bist du bei uns genau richtig!Melde dich einfach&#8230;<\/p>\n<div class=\"more-link-wrapper\"><a class=\"more-link\" href=\"https:\/\/sofa-rostock.de\/\">Weiterlesen<span class=\"screen-reader-text\">Startseite<\/span><\/a><\/div>\n","protected":false},"author":1,"featured_media":0,"parent":0,"menu_order":0,"comment_status":"closed","ping_status":"closed","template":"","meta":{"footnotes":""},"class_list":["post-9","page","type-page","status-publish","hentry","excerpt"],"_links":{"self":[{"href":"https:\/\/sofa-rostock.de\/index.php?rest_route=\/wp\/v2\/pages\/9","targetHints":{"allow":["GET"]}}],"collection":[{"href":"https:\/\/sofa-rostock.de\/index.php?rest_route=\/wp\/v2\/pages"}],"about":[{"href":"https:\/\/sofa-rostock.de\/index.php?rest_route=\/wp\/v2\/types\/page"}],"author":[{"embeddable":true,"href":"https:\/\/sofa-rostock.de\/index.php?rest_route=\/wp\/v2\/users\/1"}],"replies":[{"embeddable":true,"href":"https:\/\/sofa-rostock.de\/index.php?rest_route=%2Fwp%2Fv2%2Fcomments&post=9"}],"version-history":[{"count":100,"href":"https:\/\/sofa-rostock.de\/index.php?rest_route=\/wp\/v2\/pages\/9\/revisions"}],"predecessor-version":[{"id":385,"href":"https:\/\/sofa-rostock.de\/index.php?rest_route=\/wp\/v2\/pages\/9\/revisions\/385"}],"wp:attachment":[{"href":"https:\/\/sofa-rostock.de\/index.php?rest_route=%2Fwp%2Fv2%2Fmedia&parent=9"}],"curies":[{"name":"wp","href":"https:\/\/api.w.org\/{rel}","templated":true}]}}